{"id":108,"date":"2020-06-02T13:33:37","date_gmt":"2020-06-02T11:33:37","guid":{"rendered":"http:\/\/www.tuinenverkest.be\/services\/"},"modified":"2020-06-03T16:06:26","modified_gmt":"2020-06-03T14:06:26","slug":"services","status":"publish","type":"page","link":"https:\/\/www.tuinenverkest.be\/fr\/services\/","title":{"rendered":"Services"},"content":{"rendered":"<p>[vc_row css=\u00a0\u00bb.vc_custom_1591175253560{margin-top: 20px !important;}\u00a0\u00bb][vc_column][vc_column_text]<\/p>\n<h3>Services des Jardins Verkest<\/h3>\n<ul>\n<li>Conception, am\u00e9nagement et entretien de jardins priv\u00e9s et industriels<\/li>\n<li>Am\u00e9nagement d\u2019all\u00e9es d\u2019acc\u00e8s et de terrasses, pose de clinkers, pierres bleues, pav\u00e9s dolomite, gravillons, r\u00e9alisation de terrasses en bois Cl\u00f4tures et \u00e9tangs<\/li>\n<li>Tous travaux d\u2019\u00e9lagage et de plantation<\/li>\n<\/ul>\n<p>Zone d\u2019action : Flandre occidentale et orientale, Hainaut France : departement du Nord<\/p>\n<p>Le samedi apr\u00e8s-midi, nous nous ferons un plaisir de vous recevoir sur rendez-vous, sans engagement aucun de votre part, afin de parler des travaux de jardinage ou d\u2019empierrement que vous envisagez. Apportez \u00e9ventuellement un plan ou une esquisse. Ensuite, nous pourrons \u00e9tablir une offre appropri\u00e9e. Si vous le souhaitez, nous pouvons faire \u00e9tablir un plan par notre architecte de jardin.<\/p>\n<p>Contactez-nous ou t\u00e9l\u00e9phonez-nous au +32475517163[\/vc_column_text][\/vc_column][\/vc_row]<\/p>\n","protected":false},"excerpt":{"rendered":"<p>[vc_row css=\u00a0\u00bb.vc_custom_1591175253560{margin-top: 20px !important;}\u00a0\u00bb][vc_column][vc_column_text] Services des Jardins Verkest Conception, am\u00e9nagement et entretien de jardins priv\u00e9s et industriels Am\u00e9nagement d\u2019all\u00e9es d\u2019acc\u00e8s et de terrasses, pose de clinkers, pierres bleues, pav\u00e9s dolomite,<\/p>\n","protected":false},"author":1,"featured_media":0,"parent":0,"menu_order":110,"comment_status":"closed","ping_status":"closed","template":"","meta":[],"_links":{"self":[{"href":"https:\/\/www.tuinenverkest.be\/fr\/wp-json\/wp\/v2\/pages\/108"}],"collection":[{"href":"https:\/\/www.tuinenverkest.be\/fr\/wp-json\/wp\/v2\/pages"}],"about":[{"href":"https:\/\/www.tuinenverkest.be\/fr\/wp-json\/wp\/v2\/types\/page"}],"author":[{"embeddable":true,"href":"https:\/\/www.tuinenverkest.be\/fr\/wp-json\/wp\/v2\/users\/1"}],"replies":[{"embeddable":true,"href":"https:\/\/www.tuinenverkest.be\/fr\/wp-json\/wp\/v2\/comments?post=108"}],"version-history":[{"count":2,"href":"https:\/\/www.tuinenverkest.be\/fr\/wp-json\/wp\/v2\/pages\/108\/revisions"}],"predecessor-version":[{"id":127,"href":"https:\/\/www.tuinenverkest.be\/fr\/wp-json\/wp\/v2\/pages\/108\/revisions\/127"}],"wp:attachment":[{"href":"https:\/\/www.tuinenverkest.be\/fr\/wp-json\/wp\/v2\/media?parent=108"}],"curies":[{"name":"wp","href":"https:\/\/api.w.org\/{rel}","templated":true}]}}