{"id":129,"date":"2020-06-02T13:35:04","date_gmt":"2020-06-02T11:35:04","guid":{"rendered":"http:\/\/www.tuinenverkest.be\/services\/conception-de-jardin\/"},"modified":"2020-06-03T17:17:29","modified_gmt":"2020-06-03T15:17:29","slug":"conception-de-jardin","status":"publish","type":"page","link":"https:\/\/www.tuinenverkest.be\/fr\/services\/conception-de-jardin\/","title":{"rendered":"Conception de jardin"},"content":{"rendered":"<p>[vc_row css=\u00a0\u00bb.vc_custom_1591177251957{margin-top: 20px !important;}\u00a0\u00bb][vc_column][vc_column_text]<\/p>\n<h3>Conception de jardin<\/h3>\n<p>[\/vc_column_text][\/vc_column][\/vc_row][vc_row css=\u00a0\u00bb.vc_custom_1591177283796{margin-top: 20px !important;}\u00a0\u00bb][vc_column][dfd_single_image image_size=\u00a0\u00bbmedium\u00a0\u00bb image_alignment=\u00a0\u00bbimage-left\u00a0\u00bb image=\u00a0\u00bb62&Prime;][\/vc_column][\/vc_row][vc_row css=\u00a0\u00bb.vc_custom_1591177420803{margin-top: 20px !important;}\u00a0\u00bb][vc_column][vc_column_text]<\/p>\n<h4>Habitations priv\u00e9es<\/h4>\n<ul>\n<li>Pour une exp\u00e9rience de jardin optimale selon un style d\u00e9termin\u00e9 (style anglais, sobri\u00e9t\u00e9)<\/li>\n<li>Emplacement judicieux de diff\u00e9rents \u00e9l\u00e9ments de jardin, d\u2019une terrasse ensoleill\u00e9e, d\u2019une terrasse ombrag\u00e9e, de gazon, de bordures\u2026<\/li>\n<li>Respect de la vie priv\u00e9e garanti<\/li>\n<\/ul>\n<h4>\u00a0B\u00e2timents industriels, b\u00e2timents publics<\/h4>\n<ul>\n<li>Accentuation de l\u2019architecture des b\u00e2timents<\/li>\n<li>R\u00e9alisation d\u2019espaces int\u00e9rieurs et ext\u00e9rieurs, \u00e0 la fois d\u2019entr\u00e9es et de parkings<\/li>\n<\/ul>\n<h4>Quelles sont les diff\u00e9rentes \u00e9tapes d\u2019un projet\u00a0?<\/h4>\n<ul>\n<li>Apr\u00e8s contact avec le donneur d&rsquo;ordre, la premi\u00e8re \u00e9tape consiste \u00e0 coucher quelques id\u00e9es sur papier.<\/li>\n<li>Ensuite, un avant-projet, avec estimation provisoire, est \u00e9tabli. Une esquisse du projet est r\u00e9alis\u00e9e \u00e0 l\u2019\u00e9chelle.<\/li>\n<li>En concertation avec le client, un plan d\u00e9finitif, avec cahier des charges correspondant, est \u00e9labor\u00e9. Ceci permet de proc\u00e9der \u00e0 une adjudication.<\/li>\n<\/ul>\n<p>[\/vc_column_text][\/vc_column][\/vc_row]<\/p>\n","protected":false},"excerpt":{"rendered":"<p>[vc_row css=\u00a0\u00bb.vc_custom_1591177251957{margin-top: 20px !important;}\u00a0\u00bb][vc_column][vc_column_text] Conception de jardin [\/vc_column_text][\/vc_column][\/vc_row][vc_row css=\u00a0\u00bb.vc_custom_1591177283796{margin-top: 20px !important;}\u00a0\u00bb][vc_column][dfd_single_image image_size=\u00a0\u00bbmedium\u00a0\u00bb image_alignment=\u00a0\u00bbimage-left\u00a0\u00bb image=\u00a0\u00bb62&Prime;][\/vc_column][\/vc_row][vc_row css=\u00a0\u00bb.vc_custom_1591177420803{margin-top: 20px !important;}\u00a0\u00bb][vc_column][vc_column_text] Habitations priv\u00e9es Pour une exp\u00e9rience de jardin optimale selon un style d\u00e9termin\u00e9 (style<\/p>\n","protected":false},"author":1,"featured_media":0,"parent":108,"menu_order":100,"comment_status":"closed","ping_status":"closed","template":"","meta":[],"_links":{"self":[{"href":"https:\/\/www.tuinenverkest.be\/fr\/wp-json\/wp\/v2\/pages\/129"}],"collection":[{"href":"https:\/\/www.tuinenverkest.be\/fr\/wp-json\/wp\/v2\/pages"}],"about":[{"href":"https:\/\/www.tuinenverkest.be\/fr\/wp-json\/wp\/v2\/types\/page"}],"author":[{"embeddable":true,"href":"https:\/\/www.tuinenverkest.be\/fr\/wp-json\/wp\/v2\/users\/1"}],"replies":[{"embeddable":true,"href":"https:\/\/www.tuinenverkest.be\/fr\/wp-json\/wp\/v2\/comments?post=129"}],"version-history":[{"count":3,"href":"https:\/\/www.tuinenverkest.be\/fr\/wp-json\/wp\/v2\/pages\/129\/revisions"}],"predecessor-version":[{"id":153,"href":"https:\/\/www.tuinenverkest.be\/fr\/wp-json\/wp\/v2\/pages\/129\/revisions\/153"}],"up":[{"embeddable":true,"href":"https:\/\/www.tuinenverkest.be\/fr\/wp-json\/wp\/v2\/pages\/108"}],"wp:attachment":[{"href":"https:\/\/www.tuinenverkest.be\/fr\/wp-json\/wp\/v2\/media?parent=129"}],"curies":[{"name":"wp","href":"https:\/\/api.w.org\/{rel}","templated":true}]}}