{"id":130,"date":"2020-06-02T13:35:25","date_gmt":"2020-06-02T11:35:25","guid":{"rendered":"http:\/\/www.tuinenverkest.be\/services\/amenagement-de-jardins\/"},"modified":"2020-06-11T12:11:05","modified_gmt":"2020-06-11T10:11:05","slug":"amenagement-de-jardins","status":"publish","type":"page","link":"https:\/\/www.tuinenverkest.be\/fr\/services\/amenagement-de-jardins\/","title":{"rendered":"Am\u00e9nagement de jardins"},"content":{"rendered":"<p>[vc_row][vc_column][vc_column_text]<\/p>\n<h3>Am\u00e9nagement de jardins<\/h3>\n<p><strong>Demandez une offre sans tarder afin que votre jardin puisse \u00eatre am\u00e9nag\u00e9 ou entretenu en temps opportun !<\/strong><\/p>\n<h4>Am\u00e9nagement de jardins priv\u00e9s et industriels<\/h4>\n<p>Avant l\u2019am\u00e9nagement proprement dit d\u2019un jardin priv\u00e9 ou industriel, il faut pr\u00e9alablement d\u00e9placer des terres. Il faut soit rehausser ou abaisser le niveau du terrain afin que tout soit joliment plan ou qu&rsquo;il puisse \u00eatre nivel\u00e9 en fonction des pentes n\u00e9cessaires.<\/p>\n<h4>Plantation de jardins priv\u00e9s et industriels<\/h4>\n<p>L\u2019am\u00e9nagement des zones de plantation permet de litt\u00e9ralement donner vie \u00e0 votre jardin.<br \/>\nG\u00e9n\u00e9ralement, nous optons pour des formes et couleurs qui s\u2019harmonisent avec l\u2019atmosph\u00e8re et le rayonnement de votre jardin.<br \/>\nNous veillons \u00e0 pr\u00e9voir les plantations appropri\u00e9es afin que vous puissiez profiter de votre jardin en toute saison.<\/p>\n<h4>Am\u00e9nagement de gazons pour jardins priv\u00e9s et industriels<\/h4>\n<p>Un tapis de gazon, d\u2019un beau vert frais, compl\u00e8te \u00e0 merveille tout jardin.<br \/>\nIl existe diff\u00e9rentes fa\u00e7ons de cr\u00e9er un gazon.<br \/>\nSoit en semant de l\u2019herbe, soit en pla\u00e7ant des tapis de gazon.<\/p>\n<p>Nous nous concertons avec le client afin de d\u00e9terminer le meilleur choix.[\/vc_column_text][\/vc_column][\/vc_row][vc_section][vc_row][vc_column][dfd_spacer screen_wide_spacer_size=\u00a0\u00bb25&Prime; screen_normal_resolution=\u00a0\u00bb1024&Prime; screen_tablet_resolution=\u00a0\u00bb800&Prime; screen_mobile_resolution=\u00a0\u00bb480&Prime; tutorials=\u00a0\u00bb\u00a0\u00bb][\/vc_column][\/vc_row][vc_row][vc_column width=\u00a0\u00bb1\/2&Prime;][dfd_single_image tutorials=\u00a0\u00bb\u00a0\u00bb image=\u00a0\u00bb270&Prime;][\/vc_column][vc_column width=\u00a0\u00bb1\/2&Prime;][dfd_single_image tutorials=\u00a0\u00bb\u00a0\u00bb image=\u00a0\u00bb232&Prime;][\/vc_column][\/vc_row][\/vc_section]<\/p>\n","protected":false},"excerpt":{"rendered":"<p>[vc_row][vc_column][vc_column_text] Am\u00e9nagement de jardins Demandez une offre sans tarder afin que votre jardin puisse \u00eatre am\u00e9nag\u00e9 ou entretenu en temps opportun ! Am\u00e9nagement de jardins priv\u00e9s et industriels Avant l\u2019am\u00e9nagement<\/p>\n","protected":false},"author":1,"featured_media":0,"parent":108,"menu_order":110,"comment_status":"closed","ping_status":"closed","template":"","meta":[],"_links":{"self":[{"href":"https:\/\/www.tuinenverkest.be\/fr\/wp-json\/wp\/v2\/pages\/130"}],"collection":[{"href":"https:\/\/www.tuinenverkest.be\/fr\/wp-json\/wp\/v2\/pages"}],"about":[{"href":"https:\/\/www.tuinenverkest.be\/fr\/wp-json\/wp\/v2\/types\/page"}],"author":[{"embeddable":true,"href":"https:\/\/www.tuinenverkest.be\/fr\/wp-json\/wp\/v2\/users\/1"}],"replies":[{"embeddable":true,"href":"https:\/\/www.tuinenverkest.be\/fr\/wp-json\/wp\/v2\/comments?post=130"}],"version-history":[{"count":3,"href":"https:\/\/www.tuinenverkest.be\/fr\/wp-json\/wp\/v2\/pages\/130\/revisions"}],"predecessor-version":[{"id":273,"href":"https:\/\/www.tuinenverkest.be\/fr\/wp-json\/wp\/v2\/pages\/130\/revisions\/273"}],"up":[{"embeddable":true,"href":"https:\/\/www.tuinenverkest.be\/fr\/wp-json\/wp\/v2\/pages\/108"}],"wp:attachment":[{"href":"https:\/\/www.tuinenverkest.be\/fr\/wp-json\/wp\/v2\/media?parent=130"}],"curies":[{"name":"wp","href":"https:\/\/api.w.org\/{rel}","templated":true}]}}