{"id":177,"date":"2020-06-03T16:50:47","date_gmt":"2020-06-03T14:50:47","guid":{"rendered":"http:\/\/www.tuinenverkest.be\/a-propos-jardins-verkest\/contactez-nous\/"},"modified":"2020-06-08T14:00:59","modified_gmt":"2020-06-08T12:00:59","slug":"contactez-nous","status":"publish","type":"page","link":"https:\/\/www.tuinenverkest.be\/fr\/a-propos-jardins-verkest\/contactez-nous\/","title":{"rendered":"Contactez nous"},"content":{"rendered":"<p>[vc_row][vc_column width=\u00a0\u00bb1\/3&Prime;][\/vc_column][vc_column width=\u00a0\u00bb2\/3&Prime;][vc_column_text]<\/p>\n<h3 class=\"art-postheader moduletitle\"><span class=\"art-postheadericon\">Contactez nous<\/span><\/h3>\n<p>[\/vc_column_text][\/vc_column][\/vc_row][vc_row css=\u00a0\u00bb.vc_custom_1591196098289{margin-top: 20px !important;}\u00a0\u00bb][vc_column width=\u00a0\u00bb1\/3&Prime;][vc_column_text]<strong>Jardins Verkest SPRL<\/strong><br \/>\notegemstraat 423A<br \/>\n8550 Zwevegem<\/p>\n<p>Tel: +32.475\/517163<\/p>\n<p>Nos p\u00e9pini\u00e8res et notre showroom se visitent uniquement sur rendez-vous. T\u00e9l\u00e9phonez au num\u00e9ro ci-dessus. Nous nous tenons \u00e0 votre enti\u00e8re disposition.<\/p>\n<h5>Heures d&rsquo;ouverture<\/h5>\n<p><strong>Zwevegem<\/strong><br \/>\nlun-ven apr\u00e9s 18.00 et sur rendez-vous<\/p>\n<p><strong>Lauwe<\/strong><br \/>\nlun-ven apr\u00e9s 18.00 et sur rendez-vous 0478\/738354<br \/>\nSamedi 8u-12u[\/vc_column_text][\/vc_column][vc_column width=\u00a0\u00bb2\/3&Prime;]<div role=\"form\" class=\"wpcf7\" id=\"wpcf7-f189-o1\" lang=\"nl-NL\" dir=\"ltr\">\n<div class=\"screen-reader-response\"><p role=\"status\" aria-live=\"polite\" aria-atomic=\"true\"><\/p> <ul><\/ul><\/div>\n<form action=\"\/fr\/wp-json\/wp\/v2\/pages\/177#wpcf7-f189-o1\" method=\"post\" class=\"wpcf7-form init\" novalidate=\"novalidate\" data-status=\"init\">\n<div style=\"display: none;\">\n<input type=\"hidden\" name=\"_wpcf7\" value=\"189\" \/>\n<input type=\"hidden\" name=\"_wpcf7_version\" value=\"5.5.6\" \/>\n<input type=\"hidden\" name=\"_wpcf7_locale\" value=\"nl_NL\" \/>\n<input type=\"hidden\" name=\"_wpcf7_unit_tag\" value=\"wpcf7-f189-o1\" \/>\n<input type=\"hidden\" name=\"_wpcf7_container_post\" value=\"0\" \/>\n<input type=\"hidden\" name=\"_wpcf7_posted_data_hash\" value=\"\" \/>\n<input type=\"hidden\" name=\"_wpcf7_recaptcha_response\" value=\"\" \/>\n<\/div>\n<p><label> Votre nom *<br \/>\n    <span class=\"wpcf7-form-control-wrap your-name\"><input type=\"text\" name=\"your-name\" value=\"\" size=\"40\" class=\"wpcf7-form-control wpcf7-text wpcf7-validates-as-required\" aria-required=\"true\" aria-invalid=\"false\" \/><\/span> <\/label><\/p>\n<p><label> Votre adresse email *<br \/>\n    <span class=\"wpcf7-form-control-wrap your-email\"><input type=\"email\" name=\"your-email\" value=\"\" size=\"40\" class=\"wpcf7-form-control wpcf7-text wpcf7-email wpcf7-validates-as-required wpcf7-validates-as-email\" aria-required=\"true\" aria-invalid=\"false\" \/><\/span> <\/label><\/p>\n<p><label> Sujet<br \/>\n    <span class=\"wpcf7-form-control-wrap your-subject\"><input type=\"text\" name=\"your-subject\" value=\"\" size=\"40\" class=\"wpcf7-form-control wpcf7-text\" aria-invalid=\"false\" \/><\/span> <\/label><\/p>\n<p><label> Message<br \/>\n    <span class=\"wpcf7-form-control-wrap your-message\"><textarea name=\"your-message\" cols=\"40\" rows=\"10\" class=\"wpcf7-form-control wpcf7-textarea\" aria-invalid=\"false\"><\/textarea><\/span> <\/label><\/p>\n<p><input type=\"submit\" value=\"Envoyer\" class=\"wpcf7-form-control has-spinner wpcf7-submit\" \/><\/p>\n<div class=\"wpcf7-response-output\" aria-hidden=\"true\"><\/div><\/form><\/div>[\/vc_column][\/vc_row][vc_row css=\u00a0\u00bb.vc_custom_1591617649837{border-top-width: 1px !important;border-right-width: 1px !important;border-bottom-width: 1px !important;border-left-width: 1px !important;border-left-color: #52a512 !important;border-left-style: solid !important;border-right-color: #52a512 !important;border-right-style: solid !important;border-top-color: #52a512 !important;border-top-style: solid !important;border-bottom-color: #52a512 !important;border-bottom-style: solid !important;}\u00a0\u00bb][vc_column][dfd_google_map map_style=\u00a0\u00bbpaper\u00a0\u00bb location_list=\u00a0\u00bb%5B%7B%22show_tooltip%22%3A%22marker%22%2C%22tooltip_show_setting%22%3A%22always_show%22%2C%22marker_location%22%3A%22otegemstraat%20423A%208550%20Zwevegem%22%2C%22location_list2%22%3A%22%255B%257B%257D%255D%22%7D%5D\u00a0\u00bb auto_pan=\u00a0\u00bb\u00a0\u00bb zoom=\u00a0\u00bb16&Prime; x_pan=\u00a0\u00bb0&Prime; y_pan=\u00a0\u00bb0&Prime; size=\u00a0\u00bb350&Prime;][\/vc_column][\/vc_row]<\/p>\n","protected":false},"excerpt":{"rendered":"<p>[vc_row][vc_column width=\u00a0\u00bb1\/3&Prime;][\/vc_column][vc_column width=\u00a0\u00bb2\/3&Prime;][vc_column_text] Contactez nous [\/vc_column_text][\/vc_column][\/vc_row][vc_row css=\u00a0\u00bb.vc_custom_1591196098289{margin-top: 20px !important;}\u00a0\u00bb][vc_column width=\u00a0\u00bb1\/3&Prime;][vc_column_text]Jardins Verkest SPRL otegemstraat 423A 8550 Zwevegem Tel: +32.475\/517163 Nos p\u00e9pini\u00e8res et notre showroom se visitent uniquement sur rendez-vous. T\u00e9l\u00e9phonez au<\/p>\n","protected":false},"author":1,"featured_media":0,"parent":124,"menu_order":100,"comment_status":"closed","ping_status":"closed","template":"","meta":[],"_links":{"self":[{"href":"https:\/\/www.tuinenverkest.be\/fr\/wp-json\/wp\/v2\/pages\/177"}],"collection":[{"href":"https:\/\/www.tuinenverkest.be\/fr\/wp-json\/wp\/v2\/pages"}],"about":[{"href":"https:\/\/www.tuinenverkest.be\/fr\/wp-json\/wp\/v2\/types\/page"}],"author":[{"embeddable":true,"href":"https:\/\/www.tuinenverkest.be\/fr\/wp-json\/wp\/v2\/users\/1"}],"replies":[{"embeddable":true,"href":"https:\/\/www.tuinenverkest.be\/fr\/wp-json\/wp\/v2\/comments?post=177"}],"version-history":[{"count":9,"href":"https:\/\/www.tuinenverkest.be\/fr\/wp-json\/wp\/v2\/pages\/177\/revisions"}],"predecessor-version":[{"id":221,"href":"https:\/\/www.tuinenverkest.be\/fr\/wp-json\/wp\/v2\/pages\/177\/revisions\/221"}],"up":[{"embeddable":true,"href":"https:\/\/www.tuinenverkest.be\/fr\/wp-json\/wp\/v2\/pages\/124"}],"wp:attachment":[{"href":"https:\/\/www.tuinenverkest.be\/fr\/wp-json\/wp\/v2\/media?parent=177"}],"curies":[{"name":"wp","href":"https:\/\/api.w.org\/{rel}","templated":true}]}}