{"id":414,"date":"2020-09-08T15:07:13","date_gmt":"2020-09-08T13:07:13","guid":{"rendered":"http:\/\/www.tuinenverkest.be\/pourquoi-est-il-preferable-de-planter-a-lautomne\/"},"modified":"2020-09-08T16:05:05","modified_gmt":"2020-09-08T14:05:05","slug":"pourquoi-est-il-preferable-de-planter-a-lautomne","status":"publish","type":"page","link":"https:\/\/www.tuinenverkest.be\/fr\/pourquoi-est-il-preferable-de-planter-a-lautomne\/","title":{"rendered":"Pourquoi est-il pr\u00e9f\u00e9rable de planter \u00e0 l&rsquo;automne?"},"content":{"rendered":"<p>[vc_row][vc_column][vc_column_text]<\/p>\n<h2 id=\"tw-target-text\" class=\"tw-data-text tw-text-large XcVN5d tw-ta\" dir=\"ltr\" style=\"text-align: center;\" data-placeholder=\"Vertaling\"><span lang=\"fr\">Pourquoi est-il pr\u00e9f\u00e9rable de planter \u00e0 l&rsquo;automne?<\/span><\/h2>\n<p>[\/vc_column_text][dfd_spacer screen_wide_spacer_size=\u00a0\u00bb50&Prime; screen_normal_resolution=\u00a0\u00bb1024&Prime; screen_tablet_resolution=\u00a0\u00bb800&Prime; screen_mobile_resolution=\u00a0\u00bb480&Prime;][dfd_single_image image=\u00a0\u00bb400&Prime;][dfd_spacer screen_wide_spacer_size=\u00a0\u00bb50&Prime; screen_normal_resolution=\u00a0\u00bb1024&Prime; screen_tablet_resolution=\u00a0\u00bb800&Prime; screen_mobile_resolution=\u00a0\u00bb480&Prime;][\/vc_column][\/vc_row][vc_row][vc_column width=\u00a0\u00bb1\/6&Prime;][\/vc_column][vc_column width=\u00a0\u00bb2\/3&Prime;][vc_column_text]Contrairement aux id\u00e9es re\u00e7ues, la saison de plantation commence vers la mi-septembre chaque ann\u00e9e. Mais pourquoi cela a-t-il toujours lieu \u00e0 l&rsquo;automne? Et de quoi s&rsquo;agit-il?[\/vc_column_text][dfd_spacer screen_wide_spacer_size=\u00a0\u00bb40&Prime; screen_normal_resolution=\u00a0\u00bb1024&Prime; screen_tablet_resolution=\u00a0\u00bb800&Prime; screen_mobile_resolution=\u00a0\u00bb480&Prime;][\/vc_column][vc_column width=\u00a0\u00bb1\/6&Prime;][\/vc_column][\/vc_row][vc_row][vc_column width=\u00a0\u00bb1\/6&Prime;][\/vc_column][vc_column width=\u00a0\u00bb2\/3&Prime;][vc_column_text]<\/p>\n<h3>Les plantes vivent<\/h3>\n<p>[\/vc_column_text][dfd_spacer screen_wide_spacer_size=\u00a0\u00bb20&Prime; screen_normal_resolution=\u00a0\u00bb1024&Prime; screen_tablet_resolution=\u00a0\u00bb800&Prime; screen_mobile_resolution=\u00a0\u00bb480&Prime;][vc_column_text]<\/p>\n<p id=\"tw-target-text\" class=\"tw-data-text tw-text-large XcVN5d tw-ta\" dir=\"ltr\" data-placeholder=\"Vertaling\"><span lang=\"fr\">Les \u00e9t\u00e9s sont par d\u00e9finition plus secs que les autres saisons. Ces derni\u00e8res ann\u00e9es, nous avons assist\u00e9 \u00e0 un changement en Belgique vers un climat plus chaud et plus sec. Le pourcentage d&rsquo;oxyg\u00e8ne dans le sol est tr\u00e8s important pour la croissance des plantes. Un bon pourcentage se situe entre 16 et 18%. Apr\u00e8s l&rsquo;\u00e9t\u00e9, les temp\u00e9ratures redescendent et l&rsquo;humidit\u00e9 monte. Le soleil est plus bas et cela garantit que l&rsquo;\u00e9vaporation est moindre. Cela augmente le pourcentage d&rsquo;oxyg\u00e8ne dans le sol et les plantes peuvent bien pousser. Il est frappant de constater qu&rsquo;un arbre ou un arbuste plant\u00e9 \u00e0 l&rsquo;automne est bien plus apte \u00e0 absorber l&rsquo;humidit\u00e9 et la nutrition du sol. En cons\u00e9quence, il poussera mieux que les arbres et \/ ou les plantes qui ont \u00e9t\u00e9 plant\u00e9s au printemps et ont besoin de plus d&rsquo;eau apr\u00e8s la plantation.<\/span><\/p>\n<p>[\/vc_column_text][dfd_spacer screen_wide_spacer_size=\u00a0\u00bb40&Prime; screen_normal_resolution=\u00a0\u00bb1024&Prime; screen_tablet_resolution=\u00a0\u00bb800&Prime; screen_mobile_resolution=\u00a0\u00bb480&Prime;][\/vc_column][vc_column width=\u00a0\u00bb1\/6&Prime;][\/vc_column][\/vc_row][vc_row][vc_column width=\u00a0\u00bb1\/6&Prime;][\/vc_column][vc_column width=\u00a0\u00bb2\/3&Prime;][vc_column_text]<\/p>\n<h3>Nouvelle saison, nouvel arbre<\/h3>\n<p>[\/vc_column_text][dfd_spacer screen_wide_spacer_size=\u00a0\u00bb20&Prime; screen_normal_resolution=\u00a0\u00bb1024&Prime; screen_tablet_resolution=\u00a0\u00bb800&Prime; screen_mobile_resolution=\u00a0\u00bb480&Prime;][vc_column_text]La plupart des plantes se r\u00e9tablissent \u00e0 l&rsquo;automne. De nombreuses plantes perdent leurs feuilles et les arbres perdent leurs feuilles. La digestion de ces d\u00e9chets v\u00e9g\u00e9taux est une source fertile pour le sol. Cela permet au sol de r\u00e9cup\u00e9rer de mani\u00e8re optimale avant l&rsquo;arriv\u00e9e d&rsquo;un nouvel arbre. Ce repos signifie \u00e9galement que les plantes n\u00e9cessitent peu de soins ult\u00e9rieurs tels que l&rsquo;eau et la nutrition.[\/vc_column_text][dfd_spacer screen_wide_spacer_size=\u00a0\u00bb40&Prime; screen_normal_resolution=\u00a0\u00bb1024&Prime; screen_tablet_resolution=\u00a0\u00bb800&Prime; screen_mobile_resolution=\u00a0\u00bb480&Prime;][\/vc_column][vc_column width=\u00a0\u00bb1\/6&Prime;][\/vc_column][\/vc_row][vc_row][vc_column width=\u00a0\u00bb1\/6&Prime;][\/vc_column][vc_column width=\u00a0\u00bb2\/3&Prime;][vc_column_text]<\/p>\n<h3>Moment id\u00e9al<\/h3>\n<p>[\/vc_column_text][dfd_spacer screen_wide_spacer_size=\u00a0\u00bb20&Prime; screen_normal_resolution=\u00a0\u00bb1024&Prime; screen_tablet_resolution=\u00a0\u00bb800&Prime; screen_mobile_resolution=\u00a0\u00bb480&Prime;][vc_column_text]<\/p>\n<p id=\"tw-target-text\" class=\"tw-data-text tw-text-large XcVN5d tw-ta\" dir=\"ltr\" data-placeholder=\"Vertaling\"><span lang=\"fr\">En ce qui concerne les arbres et les plantes, le meilleur moment pour commencer \u00e0 planter est l&rsquo;automne. Apr\u00e8s l&rsquo;\u00e9t\u00e9, le sol est encore assez chaud pour favoriser la croissance des racines. En plus de cela, il y a d\u00e9j\u00e0 suffisamment d&rsquo;humidit\u00e9. Il est \u00e9galement recommand\u00e9 de ne commencer \u00e0 planter que lorsque les arbres et \/ ou les plantes commencent \u00e0 perdre leurs feuilles. Cela permet \u00e0 l&rsquo;arbre de concentrer toute son \u00e9nergie sur la croissance des racines. <\/span><\/p>\n<p class=\"tw-data-text tw-text-large XcVN5d tw-ta\" dir=\"ltr\" data-placeholder=\"Vertaling\"><strong><span lang=\"fr\">Profitez du moment pr\u00e9sent et commandez d\u00e8s maintenant vos plantes et \/ ou arbres dans <a href=\"https:\/\/shop.tuinenverkest.be\/index.php?language=fr\">notre vaste boutique en ligne.<\/a><\/span><\/strong><\/p>\n<p>[\/vc_column_text][\/vc_column][vc_column width=\u00a0\u00bb1\/6&Prime;][\/vc_column][\/vc_row]<\/p>\n","protected":false},"excerpt":{"rendered":"<p>[vc_row][vc_column][vc_column_text] Pourquoi est-il pr\u00e9f\u00e9rable de planter \u00e0 l&rsquo;automne? [\/vc_column_text][dfd_spacer screen_wide_spacer_size=\u00a0\u00bb50&Prime; screen_normal_resolution=\u00a0\u00bb1024&Prime; screen_tablet_resolution=\u00a0\u00bb800&Prime; screen_mobile_resolution=\u00a0\u00bb480&Prime;][dfd_single_image image=\u00a0\u00bb400&Prime;][dfd_spacer screen_wide_spacer_size=\u00a0\u00bb50&Prime; screen_normal_resolution=\u00a0\u00bb1024&Prime; screen_tablet_resolution=\u00a0\u00bb800&Prime; screen_mobile_resolution=\u00a0\u00bb480&Prime;][\/vc_column][\/vc_row][vc_row][vc_column width=\u00a0\u00bb1\/6&Prime;][\/vc_column][vc_column width=\u00a0\u00bb2\/3&Prime;][vc_column_text]Contrairement aux id\u00e9es re\u00e7ues, la saison de plantation commence vers la<\/p>\n","protected":false},"author":1,"featured_media":401,"parent":0,"menu_order":0,"comment_status":"closed","ping_status":"closed","template":"","meta":[],"_links":{"self":[{"href":"https:\/\/www.tuinenverkest.be\/fr\/wp-json\/wp\/v2\/pages\/414"}],"collection":[{"href":"https:\/\/www.tuinenverkest.be\/fr\/wp-json\/wp\/v2\/pages"}],"about":[{"href":"https:\/\/www.tuinenverkest.be\/fr\/wp-json\/wp\/v2\/types\/page"}],"author":[{"embeddable":true,"href":"https:\/\/www.tuinenverkest.be\/fr\/wp-json\/wp\/v2\/users\/1"}],"replies":[{"embeddable":true,"href":"https:\/\/www.tuinenverkest.be\/fr\/wp-json\/wp\/v2\/comments?post=414"}],"version-history":[{"count":4,"href":"https:\/\/www.tuinenverkest.be\/fr\/wp-json\/wp\/v2\/pages\/414\/revisions"}],"predecessor-version":[{"id":423,"href":"https:\/\/www.tuinenverkest.be\/fr\/wp-json\/wp\/v2\/pages\/414\/revisions\/423"}],"wp:featuredmedia":[{"embeddable":true,"href":"https:\/\/www.tuinenverkest.be\/fr\/wp-json\/wp\/v2\/media\/401"}],"wp:attachment":[{"href":"https:\/\/www.tuinenverkest.be\/fr\/wp-json\/wp\/v2\/media?parent=414"}],"curies":[{"name":"wp","href":"https:\/\/api.w.org\/{rel}","templated":true}]}}