{"id":4694,"date":"2021-05-23T13:07:59","date_gmt":"2021-05-23T11:07:59","guid":{"rendered":"http:\/\/www.tuinenverkest.be\/boutique\/"},"modified":"2022-02-09T19:35:32","modified_gmt":"2022-02-09T18:35:32","slug":"boutique","status":"publish","type":"page","link":"https:\/\/www.tuinenverkest.be\/fr\/boutique\/","title":{"rendered":"Boutique"},"content":{"rendered":"<p>[vc_row][vc_column][vc_column_text]<\/p>\n<p style=\"text-align: center;\">Chez Tuinen Verkest, nous sommes sp\u00e9cialis\u00e9s dans les plantes de jardin pour les particuliers et les particuliers. Vous trouverez ci-dessous un aper\u00e7u de notre offre. Vous pouvez commander via notre boutique en ligne.<\/p>\n<p>[\/vc_column_text][dfd_spacer screen_wide_spacer_size=\u00a0\u00bb50&Prime; screen_normal_resolution=\u00a0\u00bb1024&Prime; screen_tablet_resolution=\u00a0\u00bb800&Prime; screen_mobile_resolution=\u00a0\u00bb480&Prime;][\/vc_column][\/vc_row][vc_section][vc_row][vc_column][dfd_spacer screen_wide_spacer_size=\u00a0\u00bb50&Prime; screen_normal_resolution=\u00a0\u00bb1024&Prime; screen_tablet_resolution=\u00a0\u00bb800&Prime; screen_mobile_resolution=\u00a0\u00bb480&Prime;][\/vc_column][\/vc_row][\/vc_section]<\/p>\n","protected":false},"excerpt":{"rendered":"<p>[vc_row][vc_column][vc_column_text] Chez Tuinen Verkest, nous sommes sp\u00e9cialis\u00e9s dans les plantes de jardin pour les particuliers et les particuliers. Vous trouverez ci-dessous un aper\u00e7u de notre offre. Vous pouvez commander via<\/p>\n","protected":false},"author":1,"featured_media":0,"parent":0,"menu_order":0,"comment_status":"closed","ping_status":"closed","template":"","meta":[],"_links":{"self":[{"href":"https:\/\/www.tuinenverkest.be\/fr\/wp-json\/wp\/v2\/pages\/4694"}],"collection":[{"href":"https:\/\/www.tuinenverkest.be\/fr\/wp-json\/wp\/v2\/pages"}],"about":[{"href":"https:\/\/www.tuinenverkest.be\/fr\/wp-json\/wp\/v2\/types\/page"}],"author":[{"embeddable":true,"href":"https:\/\/www.tuinenverkest.be\/fr\/wp-json\/wp\/v2\/users\/1"}],"replies":[{"embeddable":true,"href":"https:\/\/www.tuinenverkest.be\/fr\/wp-json\/wp\/v2\/comments?post=4694"}],"version-history":[{"count":3,"href":"https:\/\/www.tuinenverkest.be\/fr\/wp-json\/wp\/v2\/pages\/4694\/revisions"}],"predecessor-version":[{"id":4727,"href":"https:\/\/www.tuinenverkest.be\/fr\/wp-json\/wp\/v2\/pages\/4694\/revisions\/4727"}],"wp:attachment":[{"href":"https:\/\/www.tuinenverkest.be\/fr\/wp-json\/wp\/v2\/media?parent=4694"}],"curies":[{"name":"wp","href":"https:\/\/api.w.org\/{rel}","templated":true}]}}